{"id":96,"date":"2020-09-29T10:08:30","date_gmt":"2020-09-29T08:08:30","guid":{"rendered":"https:\/\/kacperek.radom.pl\/?page_id=96"},"modified":"2020-09-29T18:12:11","modified_gmt":"2020-09-29T16:12:11","slug":"projekt-z-funduszy-europejskich","status":"publish","type":"page","link":"https:\/\/kacperek.radom.pl\/index.php\/projekt-z-funduszy-europejskich\/","title":{"rendered":"Projekt z Funduszy Europejskich"},"content":{"rendered":"<h1 style=\"text-align: center;\"><span style=\"color: #163f93;\">\u201e<em>KACPEREK\u201d \u2013 \u017b\u0141OBEK<\/em> Ewa Chojnacka realizuje projekt<\/span><\/h1>\n<h1 style=\"text-align: center;\"><span style=\"color: #163f93;\">dofinansowany z Funduszy Europejskich pn.<\/span><\/h1>\n<h1 style=\"text-align: center;\"><span style=\"color: #163f93;\">\u201e<em>Kacperek Ro\u015bnie w Si\u0142\u0119<\/em> &#8211; nowe miejsca \u017c\u0142obkowe w Radomiu!\u201d<\/span><\/h1>\n<p style=\"text-align: center;\"><span style=\"color: #000000;\"><strong>Celem projektu jest<\/strong> stworzenie warunk\u00f3w dla 17 kobiet z miasta Radom i gmin o\u015bciennych, pozwalaj\u0105cych na podj\u0119cie lub powr\u00f3t do pracy po przerwie wynikaj\u0105cej z\u00a0 opieki nad dzie\u0107mi, poprzez utworzenie i utrzymanie 17 miejsc opieki nad dzie\u0107mi do lat 3 w formie \u017c\u0142obka.<\/span><\/p>\n<p>&nbsp;<\/p>\n<p><span style=\"color: #000000;\">Dofinansowanie projektu z UE: 570\u00a0 455,00 z\u0142<\/span><\/p>\n<p><span style=\"color: #000000;\">Okres trwania projektu stycze\u0144 2021 \u2013 grudzie\u0144 2022 rok.<\/span><\/p>\n<p><span style=\"color: #000000;\">Nab\u00f3r do nowo otworzonej plac\u00f3wki prowadzony jest od 1. 10 2020 roku do 30. 11 2020 lub do wyczerpania miejsc w projekcie.<\/span><\/p>\n<p><span style=\"color: #000000;\">Szczeg\u00f3\u0142owe zasady rekrutacji oraz pe\u0142na dokumentacja projektu dost\u0119pna jest w \u017b\u0142obku Kacperek przy ulicy Sobieskiego 1\/4u lub Cha\u0142ubi\u0144skiego 6 w Radomiu.<\/span><\/p>\n<figure class=\"wp-block-image size-large\"><img loading=\"lazy\" decoding=\"async\" class=\"alignnone wp-image-104\" src=\"https:\/\/kacperek.radom.pl\/wp-content\/uploads\/2020\/09\/A4.jpg\" alt=\"Projekt z Funduszy Europejskich\" width=\"1348\" height=\"952\" srcset=\"https:\/\/kacperek.radom.pl\/wp-content\/uploads\/2020\/09\/A4.jpg 1452w, https:\/\/kacperek.radom.pl\/wp-content\/uploads\/2020\/09\/A4-300x212.jpg 300w, https:\/\/kacperek.radom.pl\/wp-content\/uploads\/2020\/09\/A4-1024x723.jpg 1024w, https:\/\/kacperek.radom.pl\/wp-content\/uploads\/2020\/09\/A4-768x542.jpg 768w\" sizes=\"auto, (max-width: 1348px) 100vw, 1348px\" \/><\/figure>\n<hr class=\"wp-block-separator\" \/>\n<h3><strong>ARCHIWUM &#8211; Projekty Funduszy Europejskich<\/strong><\/h3>\n<p><a href=\"https:\/\/kacperek.radom.pl\/index.php\/funduszy-europejskich-2017-2019\/\" target=\"_blank\" rel=\"noreferrer noopener\" data-type=\"URL\" data-id=\"https:\/\/kacperek.radom.pl\/index.php\/funduszy-europejskich-2017-2019\/\">1. Funduszy Europejskich 2017 &#8211; 2019<\/a><\/p>\n","protected":false},"excerpt":{"rendered":"<p>\u201eKACPEREK\u201d \u2013 \u017b\u0141OBEK Ewa Chojnacka realizuje projekt dofinansowany z Funduszy Europejskich pn. \u201eKacperek Ro\u015bnie w Si\u0142\u0119 &#8211; nowe miejsca \u017c\u0142obkowe w Radomiu!\u201d Celem projektu jest stworzenie warunk\u00f3w dla 17 kobiet z miasta Radom i gmin o\u015bciennych, pozwalaj\u0105cych na podj\u0119cie lub &hellip; <a href=\"https:\/\/kacperek.radom.pl\/index.php\/projekt-z-funduszy-europejskich\/\">Czytaj dalej <span class=\"meta-nav\">&rarr;<\/span><\/a><\/p>\n","protected":false},"author":1,"featured_media":0,"parent":0,"menu_order":0,"comment_status":"closed","ping_status":"closed","template":"","meta":{"ngg_post_thumbnail":0,"footnotes":""},"class_list":["post-96","page","type-page","status-publish","hentry"],"_links":{"self":[{"href":"https:\/\/kacperek.radom.pl\/index.php\/wp-json\/wp\/v2\/pages\/96","targetHints":{"allow":["GET"]}}],"collection":[{"href":"https:\/\/kacperek.radom.pl\/index.php\/wp-json\/wp\/v2\/pages"}],"about":[{"href":"https:\/\/kacperek.radom.pl\/index.php\/wp-json\/wp\/v2\/types\/page"}],"author":[{"embeddable":true,"href":"https:\/\/kacperek.radom.pl\/index.php\/wp-json\/wp\/v2\/users\/1"}],"replies":[{"embeddable":true,"href":"https:\/\/kacperek.radom.pl\/index.php\/wp-json\/wp\/v2\/comments?post=96"}],"version-history":[{"count":13,"href":"https:\/\/kacperek.radom.pl\/index.php\/wp-json\/wp\/v2\/pages\/96\/revisions"}],"predecessor-version":[{"id":115,"href":"https:\/\/kacperek.radom.pl\/index.php\/wp-json\/wp\/v2\/pages\/96\/revisions\/115"}],"wp:attachment":[{"href":"https:\/\/kacperek.radom.pl\/index.php\/wp-json\/wp\/v2\/media?parent=96"}],"curies":[{"name":"wp","href":"https:\/\/api.w.org\/{rel}","templated":true}]}}