{"id":68,"date":"2018-11-29T21:14:24","date_gmt":"2018-11-29T20:14:24","guid":{"rendered":"http:\/\/kacperek.radom.pl\/?page_id=68"},"modified":"2020-09-29T10:09:05","modified_gmt":"2020-09-29T08:09:05","slug":"funduszy-europejskich-2017-2019","status":"publish","type":"page","link":"https:\/\/kacperek.radom.pl\/index.php\/funduszy-europejskich-2017-2019\/","title":{"rendered":"Projekt z Funduszy Europejskich 2017-2019"},"content":{"rendered":"<p>\u017b\u0142obek realizuje projekt z Funduszy Europejskich:<\/p>\n<p>pn. \u201eKacperek Ro\u015bnie w Si\u0142\u0119!&#8221;<\/p>\n<p>w ramach Regionalnego Programu Operacyjnego Wojew\u00f3dztwa Mazowieckiego na lata 2014 &#8211; 2020. O\u015b Priorytetowa VIII Rozw\u00f3j rynku pracy. Dzia\u0142anie 8.3 U\u0142atwianie powrotu do aktywno\u015bci zawodowej os\u00f3b sprawuj\u0105cych opiek\u0119 nad dzie\u0107mi do lat 3<\/p>\n<div class=\"text_exposed_show\">\n<p>Twoje dziecko warto zapisa\u0107 do \u017c\u0142obka, poniewa\u017c:<\/p>\n<p>&#8211; dzieci, kt\u00f3re chodz\u0105 do \u017c\u0142obka, rozwijaj\u0105 si\u0119 szybciej intelektualnie i spo\u0142ecznie,<br \/>\n&#8211; szybciej nawi\u0105zuj\u0105 kontakty spo\u0142eczne i emocjonalne,<br \/>\n&#8211; maj\u0105 wi\u0119kszy zas\u00f3b s\u0142\u00f3w,<br \/>\n&#8211; lepiej radz\u0105 sobie w przedszkolu,<br \/>\n&#8211; s\u0105 we w\u0142a\u015bciwy i profesjonalny spos\u00f3b przygotowane do dalszej drogi edukacyjnej &#8211; lepiej si\u0119 ucz\u0105.<\/p>\n<p>Jednak, by tak si\u0119 sta\u0142o, \u017c\u0142obek musi prezentowa\u0107 wysoki standard i jako\u015b\u0107 opieki.<\/p>\n<p>Dlatego u nas Twoje dziecko otrzyma:<\/p>\n<p>&#8211; profesjonalnie wyposa\u017cone sale,<br \/>\n&#8211; program edukacyjno-wychowawczy,<br \/>\n&#8211; opiek\u0119 piel\u0119gniarki i kadry z odpowiednimi kwalifikacjami,<br \/>\n&#8211; dla alergik\u00f3w indywidualn\u0105 diet\u0119,<br \/>\n&#8211; trening uwagi s\u0142uchowej i ch\u0119ci m\u00f3wienia.<\/p>\n<p>\u017b\u0142obek powstaje w ramach projektu<\/p>\n<p>Nr umowy: RPMA.08.03.01-14-7037\/16-00<\/p>\n<p>Projekt realizowany jest w okresie od 01.07.2017 r. do 31.12.2019 r. na terenie wojew\u00f3dztwa mazowieckiego, w powiecie radomskim ziemskim i mie\u015bcie Radom.<\/p>\n<p>Nab\u00f3r kandydat\u00f3w do udzia\u0142u w projekcie prowadzi Beneficjent \u2013 ,,KACPEREK&#8221; &#8211; \u017b\u0141OBEK Ewa Chojnacka, z siedzib\u0105 w Radomiu.<\/p>\n<p>Projekt zak\u0142ada u\u0142atwienie powrotu na rynek pracy 42 kobietom z powiatu radomskiego i miasta Radom, sprawuj\u0105cych opiek\u0119 nad dzie\u0107mi w wieku do lat 3, poprzez utworzenie 42 miejsc dla dzieci do lat 3 w \u017c\u0142obku i zapewnienie opieki, w okresie od 01.01.2018 do 31.12.2019 r.<\/p>\n<p>Uczestniczki projektu zobowi\u0105zane s\u0105 do zapewnienia \u015brodk\u00f3w w\u0142asnych przeznaczonych na wsp\u00f3\u0142finansowanie koszt\u00f3w pobytu dziecka w \u017c\u0142obku, w wysoko\u015bci nie przekraczaj\u0105cej 20% koszt\u00f3w pobytu dziecka danej uczestniczki, w danym miesi\u0105cu. Szczeg\u00f3\u0142y wielko\u015bci wsp\u00f3\u0142finansowania zostan\u0105 okre\u015blonej w Umowie udzia\u0142u w projekcie.<\/p>\n<p>Regulamin rekrutacji uczestnik\u00f3w oraz Formularz rekrutacyjny podawany jest do publicznej wiadomo\u015bci na stronie internetowej Beneficjent oraz w biurze projektu Beneficjenta, w Radomiu.<\/p>\n<p>Proces rekrutacji<\/p>\n<p>Rekrutacja do projektu sk\u0142ada si\u0119 z nast\u0119puj\u0105cych etap\u00f3w:<\/p>\n<p>I etap: wst\u0119pna ocena formalna Formularza rekrutacyjnego prowadzona na bie\u017c\u0105co przez Specjalist\u0119 ds. promocji i rekrutacji<br \/>\nII etap: ocena formalna i merytoryczna Formularza rekrutacyjnego pod k\u0105tem kwalifikowalno\u015bci do udzia\u0142u w Projekcie kandydatki na Uczestnika Projektu oraz spe\u0142nienia dodatkowych kryteri\u00f3w oceny prowadzona przez Komisje Rekrutacyjn\u0105.<\/p>\n<\/div>\n<p><img loading=\"lazy\" decoding=\"async\" class=\"alignnone size-full wp-image-69\" src=\"http:\/\/kacperek.radom.pl\/wp-content\/uploads\/2018\/11\/ue.png\" alt=\"\" width=\"675\" height=\"483\" srcset=\"https:\/\/kacperek.radom.pl\/wp-content\/uploads\/2018\/11\/ue.png 675w, https:\/\/kacperek.radom.pl\/wp-content\/uploads\/2018\/11\/ue-300x215.png 300w\" sizes=\"auto, (max-width: 675px) 100vw, 675px\" \/><\/p>\n","protected":false},"excerpt":{"rendered":"<p>\u017b\u0142obek realizuje projekt z Funduszy Europejskich: pn. \u201eKacperek Ro\u015bnie w Si\u0142\u0119!&#8221; w ramach Regionalnego Programu Operacyjnego Wojew\u00f3dztwa Mazowieckiego na lata 2014 &#8211; 2020. O\u015b Priorytetowa VIII Rozw\u00f3j rynku pracy. Dzia\u0142anie 8.3 U\u0142atwianie powrotu do aktywno\u015bci zawodowej os\u00f3b sprawuj\u0105cych opiek\u0119 nad &hellip; <a href=\"https:\/\/kacperek.radom.pl\/index.php\/funduszy-europejskich-2017-2019\/\">Czytaj dalej <span class=\"meta-nav\">&rarr;<\/span><\/a><\/p>\n","protected":false},"author":1,"featured_media":0,"parent":0,"menu_order":0,"comment_status":"closed","ping_status":"closed","template":"","meta":{"ngg_post_thumbnail":0,"footnotes":""},"class_list":["post-68","page","type-page","status-publish","hentry"],"_links":{"self":[{"href":"https:\/\/kacperek.radom.pl\/index.php\/wp-json\/wp\/v2\/pages\/68","targetHints":{"allow":["GET"]}}],"collection":[{"href":"https:\/\/kacperek.radom.pl\/index.php\/wp-json\/wp\/v2\/pages"}],"about":[{"href":"https:\/\/kacperek.radom.pl\/index.php\/wp-json\/wp\/v2\/types\/page"}],"author":[{"embeddable":true,"href":"https:\/\/kacperek.radom.pl\/index.php\/wp-json\/wp\/v2\/users\/1"}],"replies":[{"embeddable":true,"href":"https:\/\/kacperek.radom.pl\/index.php\/wp-json\/wp\/v2\/comments?post=68"}],"version-history":[{"count":4,"href":"https:\/\/kacperek.radom.pl\/index.php\/wp-json\/wp\/v2\/pages\/68\/revisions"}],"predecessor-version":[{"id":100,"href":"https:\/\/kacperek.radom.pl\/index.php\/wp-json\/wp\/v2\/pages\/68\/revisions\/100"}],"wp:attachment":[{"href":"https:\/\/kacperek.radom.pl\/index.php\/wp-json\/wp\/v2\/media?parent=68"}],"curies":[{"name":"wp","href":"https:\/\/api.w.org\/{rel}","templated":true}]}}