{"id":61,"date":"2015-04-02T12:38:17","date_gmt":"2015-04-02T10:38:17","guid":{"rendered":"http:\/\/kacperek.radom.pl\/?page_id=61"},"modified":"2024-10-24T12:55:36","modified_gmt":"2024-10-24T10:55:36","slug":"kontakt","status":"publish","type":"page","link":"https:\/\/kacperek.radom.pl\/index.php\/kontakt\/","title":{"rendered":"Kontakt"},"content":{"rendered":"<div class=\"left\">\n<p>\u017b\u0142obek KACPEREK ul. Sobieskiego 1\/4U,<br \/>\n26-600 Radom, os. Micha\u0142\u00f3w<\/p>\n<p><span class=\"color1\">Dane kontaktowe (ul. Sobieskiego 1\/4U)<\/span><br \/>\ntel: 48 360 17 01(<span class=\"color1\">Sobieskiego 1\/4U)<\/span><br \/>\nkom: 502 353 987 (<span class=\"color1\">Sobieskiego 1\/4U)<\/span><br \/>\ne-mail: <a href=\"mailto:kacperek.radom@op.pl\">kacperek.radom@op.pl<\/a><\/p>\n<\/div>\n<div class=\"right\">\n<p>\u017b\u0142obek KACPEREK ul. Cha\u0142ubi\u0144skiego 6, 26-600 Radom, os. Planty<\/p>\n<p><span class=\"color1\">Dane kontaktowe (ul. Cha\u0142ubi\u0144skiego 6)<\/span><br \/>\ntel: 48 334 18 89 (<span class=\"color1\">Cha\u0142ubi\u0144skiego 6)<\/span><br \/>\nkom: 500 262 513 (<span class=\"color1\">Cha\u0142ubi\u0144skiego 6)<\/span><br \/>\ne-mail: <a href=\"mailto:kacperek.radom@op.pl\">kacperek.radom@op.pl<\/a><\/p>\n<\/div>\n<div class=\"map\">\n<p class=\"color1\">Jak do nas trafi\u0107?<\/p>\n<p><iframe loading=\"lazy\" style=\"border: 0;\" src=\"https:\/\/www.google.com\/maps\/embed?pb=!1m14!1m8!1m3!1d2487.645677613236!2d21.163129400000003!3d51.4279351!3m2!1i1024!2i768!4f13.1!3m3!1m2!1s0x471858cceff84dbf%3A0x732efc823c149f4f!2sJana+Sobieskiego+1!5e0!3m2!1spl!2spl!4v1399465973048\" width=\"900\" height=\"300\" frameborder=\"0\"><\/iframe><\/p>\n<\/div>\n<div style=\"clear: both;\">&nbsp;<\/div>\n","protected":false},"excerpt":{"rendered":"<p>\u017b\u0142obek KACPEREK ul. Sobieskiego 1\/4U, 26-600 Radom, os. Micha\u0142\u00f3w Dane kontaktowe (ul. Sobieskiego 1\/4U) tel: 48 360 17 01(Sobieskiego 1\/4U) kom: 502 353 987 (Sobieskiego 1\/4U) e-mail: kacperek.radom@op.pl \u017b\u0142obek KACPEREK ul. Cha\u0142ubi\u0144skiego 6, 26-600 Radom, os. Planty Dane kontaktowe (ul. &hellip; <a href=\"https:\/\/kacperek.radom.pl\/index.php\/kontakt\/\">Czytaj dalej <span class=\"meta-nav\">&rarr;<\/span><\/a><\/p>\n","protected":false},"author":1,"featured_media":0,"parent":0,"menu_order":0,"comment_status":"closed","ping_status":"open","template":"","meta":{"ngg_post_thumbnail":0,"footnotes":""},"class_list":["post-61","page","type-page","status-publish","hentry"],"_links":{"self":[{"href":"https:\/\/kacperek.radom.pl\/index.php\/wp-json\/wp\/v2\/pages\/61","targetHints":{"allow":["GET"]}}],"collection":[{"href":"https:\/\/kacperek.radom.pl\/index.php\/wp-json\/wp\/v2\/pages"}],"about":[{"href":"https:\/\/kacperek.radom.pl\/index.php\/wp-json\/wp\/v2\/types\/page"}],"author":[{"embeddable":true,"href":"https:\/\/kacperek.radom.pl\/index.php\/wp-json\/wp\/v2\/users\/1"}],"replies":[{"embeddable":true,"href":"https:\/\/kacperek.radom.pl\/index.php\/wp-json\/wp\/v2\/comments?post=61"}],"version-history":[{"count":20,"href":"https:\/\/kacperek.radom.pl\/index.php\/wp-json\/wp\/v2\/pages\/61\/revisions"}],"predecessor-version":[{"id":157,"href":"https:\/\/kacperek.radom.pl\/index.php\/wp-json\/wp\/v2\/pages\/61\/revisions\/157"}],"wp:attachment":[{"href":"https:\/\/kacperek.radom.pl\/index.php\/wp-json\/wp\/v2\/media?parent=61"}],"curies":[{"name":"wp","href":"https:\/\/api.w.org\/{rel}","templated":true}]}}