{"id":5,"date":"2015-04-02T11:47:22","date_gmt":"2015-04-02T09:47:22","guid":{"rendered":"http:\/\/kacperek.radom.pl\/?page_id=5"},"modified":"2020-07-01T09:04:24","modified_gmt":"2020-07-01T07:04:24","slug":"o-nas","status":"publish","type":"page","link":"https:\/\/kacperek.radom.pl\/index.php\/o-nas\/","title":{"rendered":"O nas"},"content":{"rendered":"<p><center>Niepubliczny \u017c\u0142obek \u201eKacperek\u201d rozpocz\u0105\u0142 swoj\u0105 dzia\u0142alno\u015b\u0107 w&nbsp;styczniu 2012 roku, w&nbsp;oparciu o&nbsp;przepisy ustawodawcze dotycz\u0105ce \u017c\u0142obk\u00f3w i&nbsp;zatwierdzony statut. Nasi podopieczni to dzieci w&nbsp;wieku od 6 miesi\u0119cy do 3 lat.<\/center><\/p>\n<p style=\"text-align: center;\">Wykwalifikowana kadra zapewnia im opiek\u0119 <strong>&#8222;jak u&nbsp;Mamy&#8221;<\/strong>, dostosowuj\u0105c metody pracy do indywidualnych potrzeb dziecka.<\/p>\n<p style=\"text-align: center;\"><strong>Nasz\u0105 misj\u0105 jest zapewnienie przebywaj\u0105cemu w&nbsp;plac\u00f3wce dziecku bezpiecze\u0144stwa, zaspokojenie jego wszelkich potrzeb zwi\u0105zanych z&nbsp;prawid\u0142owym rozwojem i&nbsp;przygotowanie do prawid\u0142owego funkcjonowania w&nbsp;grupie r\u00f3wie\u015bnik\u00f3w.<\/strong><\/p>\n<p style=\"text-align: center;\"><strong>Opiekuj\u0105c si\u0119 dzie\u0107mi staramy si\u0119 je piel\u0119gnowa\u0107 i&nbsp;chroni\u0107 oraz edukowa\u0107 przez zabaw\u0119.<\/strong> Poznawanie \u015bwiata przez dzieci systematyzuje plan naszej pracy, w kt\u00f3rym obok wa\u017cnych \u015bwi\u0105t i&nbsp;uroczysto\u015bci wyst\u0119puj\u0105 tematy zwi\u0105zane z&nbsp;otaczaj\u0105c\u0105 nas rzeczywisto\u015bci\u0105. Dzieci poznaj\u0105 nowe s\u0142owa i&nbsp;zjawiska.<\/p>\n<p style=\"text-align: center;\"><strong>Muzykoterapia i&nbsp;rytmika<\/strong> dostarczaj\u0105 dzieciom rado\u015bci obcowania z muzyk\u0105, piosenk\u0105 i&nbsp;ta\u0144cem.<\/p>\n<p style=\"text-align: center;\">Ulubione przez dzieci <strong>zabawy ruchowe<\/strong> rozwijaj\u0105 ich sprawno\u015b\u0107 psychomotoryczn\u0105.<\/p>\n<p style=\"text-align: center;\">Na <strong>zaj\u0119ciach plastycznych<\/strong> dzieci maluj\u0105, lepi\u0105 i&nbsp;poznaj\u0105 kolory.<\/p>\n<p style=\"text-align: center;\"><strong>Teatrzyki kukie\u0142kowe, bajki i&nbsp;opowiadania<\/strong> rozwijaj\u0105 dzieci\u0119c\u0105 wyobra\u017ani\u0119, zwi\u0119kszaj\u0105 zakres ich s\u0142ownictwa i&nbsp;usprawniaj\u0105 pami\u0119\u0107. <strong>Wsp\u00f3lne zabawy z kole\u017cankami i&nbsp;kolegami<\/strong> z&nbsp;grupy ucz\u0105 dzieci w\u0142a\u015bciwych relacji spo\u0142ecznych i sposob\u00f3w komunikowania si\u0119. Niezapomnianych emocji dostarczaj\u0105 dzieciom <strong>zaj\u0119cia z&nbsp;odpowiednio przygotowanym psem (dogoterapia)<\/strong> prowadzonym przez wykwalifikowanego terapeut\u0119. Kontakt z&nbsp;\u017cywym zwierz\u0119ciem wspomaga wczesny rozw\u00f3j dziecka na wielu p\u0142aszczyznach, w&nbsp;tym przezwyci\u0119\u017canie l\u0119ku przed otaczaj\u0105c\u0105 je rzeczywisto\u015bci\u0105.<\/p>\n<p style=\"text-align: center;\"><strong>Przebywaj\u0105c w \u017c\u0142obku dzieci otrzymuj\u0105 4&nbsp;posi\u0142ki:<\/strong> \u015bniadanie, zupk\u0119 przed snem, drugie danie po drzemce i&nbsp;podwieczorek. W grupie najm\u0142odszych dzieci czas spo\u017cywania posi\u0142k\u00f3w dostosowujemy do indywidualnych zalece\u0144 rodzic\u00f3w.<\/p>\n<p><center><strong>Zapraszamy do <a href=\"http:\/\/kacperek.radom.pl\/wp-content\/themes\/kacperek\/kacperek.html\" target=\"_blank\" rel=\"noopener noreferrer\">wirtualnego spaceru<\/a> po naszym \u017c\u0142obku!<\/strong><\/p>\n<p><\/center><\/p>\n<p style=\"text-align: center;\">Zapewniamy dzieciom opiek\u0119 w dzie\u0144 powszedni<br \/>\nw godzinach 6.30 \u2013 17.00<\/p>\n<p style=\"text-align: center;\">Serdecznie zapraszamy!<\/p>\n","protected":false},"excerpt":{"rendered":"<p>Niepubliczny \u017c\u0142obek \u201eKacperek\u201d rozpocz\u0105\u0142 swoj\u0105 dzia\u0142alno\u015b\u0107 w&nbsp;styczniu 2012 roku, w&nbsp;oparciu o&nbsp;przepisy ustawodawcze dotycz\u0105ce \u017c\u0142obk\u00f3w i&nbsp;zatwierdzony statut. Nasi podopieczni to dzieci w&nbsp;wieku od 6 miesi\u0119cy do 3 lat. Wykwalifikowana kadra zapewnia im opiek\u0119 &#8222;jak u&nbsp;Mamy&#8221;, dostosowuj\u0105c metody pracy do indywidualnych potrzeb &hellip; <a href=\"https:\/\/kacperek.radom.pl\/index.php\/o-nas\/\">Czytaj dalej <span class=\"meta-nav\">&rarr;<\/span><\/a><\/p>\n","protected":false},"author":1,"featured_media":0,"parent":0,"menu_order":0,"comment_status":"closed","ping_status":"open","template":"","meta":{"ngg_post_thumbnail":0,"footnotes":""},"class_list":["post-5","page","type-page","status-publish","hentry"],"_links":{"self":[{"href":"https:\/\/kacperek.radom.pl\/index.php\/wp-json\/wp\/v2\/pages\/5","targetHints":{"allow":["GET"]}}],"collection":[{"href":"https:\/\/kacperek.radom.pl\/index.php\/wp-json\/wp\/v2\/pages"}],"about":[{"href":"https:\/\/kacperek.radom.pl\/index.php\/wp-json\/wp\/v2\/types\/page"}],"author":[{"embeddable":true,"href":"https:\/\/kacperek.radom.pl\/index.php\/wp-json\/wp\/v2\/users\/1"}],"replies":[{"embeddable":true,"href":"https:\/\/kacperek.radom.pl\/index.php\/wp-json\/wp\/v2\/comments?post=5"}],"version-history":[{"count":2,"href":"https:\/\/kacperek.radom.pl\/index.php\/wp-json\/wp\/v2\/pages\/5\/revisions"}],"predecessor-version":[{"id":93,"href":"https:\/\/kacperek.radom.pl\/index.php\/wp-json\/wp\/v2\/pages\/5\/revisions\/93"}],"wp:attachment":[{"href":"https:\/\/kacperek.radom.pl\/index.php\/wp-json\/wp\/v2\/media?parent=5"}],"curies":[{"name":"wp","href":"https:\/\/api.w.org\/{rel}","templated":true}]}}