{"id":144,"date":"2020-10-01T14:37:34","date_gmt":"2020-10-01T12:37:34","guid":{"rendered":"https:\/\/kacperek.radom.pl\/?page_id=144"},"modified":"2020-10-01T14:47:00","modified_gmt":"2020-10-01T12:47:00","slug":"galeria","status":"publish","type":"page","link":"https:\/\/kacperek.radom.pl\/index.php\/galeria\/","title":{"rendered":"Galeria"},"content":{"rendered":"<h1><a href=\"https:\/\/kacperek.radom.pl\/index.php\/zlobek-kacperek-chalubinskiego\/\">\u017b\u0142obek \u201eKacperek\u201d \u2013 Cha\u0142ubi\u0144skiego<\/a><\/h1>\n<h1><a href=\"https:\/\/kacperek.radom.pl\/index.php\/zlobek-kacperek-sobieskiego\/\">\u017b\u0142obek \u201eKacperek\u201d \u2013 Sobieskiego<\/a><\/h1>\n","protected":false},"excerpt":{"rendered":"<p>\u017b\u0142obek \u201eKacperek\u201d \u2013 Cha\u0142ubi\u0144skiego \u017b\u0142obek \u201eKacperek\u201d \u2013 Sobieskiego<\/p>\n","protected":false},"author":1,"featured_media":0,"parent":0,"menu_order":0,"comment_status":"closed","ping_status":"closed","template":"","meta":{"ngg_post_thumbnail":0,"footnotes":""},"class_list":["post-144","page","type-page","status-publish","hentry"],"_links":{"self":[{"href":"https:\/\/kacperek.radom.pl\/index.php\/wp-json\/wp\/v2\/pages\/144","targetHints":{"allow":["GET"]}}],"collection":[{"href":"https:\/\/kacperek.radom.pl\/index.php\/wp-json\/wp\/v2\/pages"}],"about":[{"href":"https:\/\/kacperek.radom.pl\/index.php\/wp-json\/wp\/v2\/types\/page"}],"author":[{"embeddable":true,"href":"https:\/\/kacperek.radom.pl\/index.php\/wp-json\/wp\/v2\/users\/1"}],"replies":[{"embeddable":true,"href":"https:\/\/kacperek.radom.pl\/index.php\/wp-json\/wp\/v2\/comments?post=144"}],"version-history":[{"count":3,"href":"https:\/\/kacperek.radom.pl\/index.php\/wp-json\/wp\/v2\/pages\/144\/revisions"}],"predecessor-version":[{"id":149,"href":"https:\/\/kacperek.radom.pl\/index.php\/wp-json\/wp\/v2\/pages\/144\/revisions\/149"}],"wp:attachment":[{"href":"https:\/\/kacperek.radom.pl\/index.php\/wp-json\/wp\/v2\/media?parent=144"}],"curies":[{"name":"wp","href":"https:\/\/api.w.org\/{rel}","templated":true}]}}